{"id":1186,"date":"2021-11-14T23:39:37","date_gmt":"2021-11-14T23:39:37","guid":{"rendered":"http:\/\/www.manaturalezas.com\/content\/?page_id=1186"},"modified":"2022-05-14T23:52:52","modified_gmt":"2022-05-14T23:52:52","slug":"eventos","status":"publish","type":"page","link":"http:\/\/www.manaturalezas.com\/content\/?page_id=1186","title":{"rendered":"EVENTOS"},"content":{"rendered":"\n<div class=\"wp-block-columns card card-evento\">\n<div class=\"wp-block-column\">\n<figure class=\"wp-block-image size-full is-style-default\"><img loading=\"lazy\" width=\"800\" height=\"800\" src=\"http:\/\/www.manaturalezas.com\/content\/wp-content\/uploads\/2022\/05\/naturopatas-do-brasil-youtube.jpeg\" alt=\"\" class=\"wp-image-1201\" srcset=\"http:\/\/www.manaturalezas.com\/content\/wp-content\/uploads\/2022\/05\/naturopatas-do-brasil-youtube.jpeg 800w, http:\/\/www.manaturalezas.com\/content\/wp-content\/uploads\/2022\/05\/naturopatas-do-brasil-youtube-300x300.jpeg 300w, http:\/\/www.manaturalezas.com\/content\/wp-content\/uploads\/2022\/05\/naturopatas-do-brasil-youtube-150x150.jpeg 150w, http:\/\/www.manaturalezas.com\/content\/wp-content\/uploads\/2022\/05\/naturopatas-do-brasil-youtube-768x768.jpeg 768w\" sizes=\"(max-width: 800px) 100vw, 800px\" \/><\/figure>\n<\/div>\n\n\n\n<div class=\"wp-block-column\">\n<h2>NATUROPATAS DO BRASIL<\/h2>\n\n\n\n<h3>CANAL DE YOUTUBE<\/h3>\n\n\n\n<p><a href=\"http:\/\/www.youtube.com\/naturopatasdobrasil\">http:\/\/www.youtube.com\/naturopatasdobrasil<\/a><\/p>\n\n\n\n<p><\/p>\n<\/div>\n<\/div>\n\n\n\n<div class=\"wp-block-columns card card-evento\">\n<div class=\"wp-block-column\">\n<figure class=\"wp-block-image size-full is-style-default\"><img loading=\"lazy\" width=\"1024\" height=\"1020\" src=\"http:\/\/www.manaturalezas.com\/content\/wp-content\/uploads\/2022\/05\/naturopatas-do-brasil-consejo-consultivo.jpeg\" alt=\"\" class=\"wp-image-1200\" srcset=\"http:\/\/www.manaturalezas.com\/content\/wp-content\/uploads\/2022\/05\/naturopatas-do-brasil-consejo-consultivo.jpeg 1024w, http:\/\/www.manaturalezas.com\/content\/wp-content\/uploads\/2022\/05\/naturopatas-do-brasil-consejo-consultivo-300x300.jpeg 300w, http:\/\/www.manaturalezas.com\/content\/wp-content\/uploads\/2022\/05\/naturopatas-do-brasil-consejo-consultivo-150x150.jpeg 150w, http:\/\/www.manaturalezas.com\/content\/wp-content\/uploads\/2022\/05\/naturopatas-do-brasil-consejo-consultivo-768x765.jpeg 768w\" sizes=\"(max-width: 1024px) 100vw, 1024px\" \/><\/figure>\n<\/div>\n\n\n\n<div class=\"wp-block-column\">\n<h2>NATUROPATAS DO BRASIL<\/h2>\n\n\n\n<h3>Flavia Banchieri &#8211; Miembro Colaborador del Consejo Consultivo<\/h3>\n\n\n\n<p><\/p>\n<\/div>\n<\/div>\n\n\n\n<div class=\"wp-block-columns card card-evento\">\n<div class=\"wp-block-column\">\n<figure class=\"wp-block-image size-full is-style-default\"><img loading=\"lazy\" width=\"1024\" height=\"1011\" src=\"http:\/\/www.manaturalezas.com\/content\/wp-content\/uploads\/2022\/05\/naturopatas-do-brasil-caratura.jpeg\" alt=\"\" class=\"wp-image-1199\" srcset=\"http:\/\/www.manaturalezas.com\/content\/wp-content\/uploads\/2022\/05\/naturopatas-do-brasil-caratura.jpeg 1024w, http:\/\/www.manaturalezas.com\/content\/wp-content\/uploads\/2022\/05\/naturopatas-do-brasil-caratura-300x296.jpeg 300w, http:\/\/www.manaturalezas.com\/content\/wp-content\/uploads\/2022\/05\/naturopatas-do-brasil-caratura-768x758.jpeg 768w\" sizes=\"(max-width: 1024px) 100vw, 1024px\" \/><\/figure>\n<\/div>\n\n\n\n<div class=\"wp-block-column\">\n<h2>NATUROPATAS DO BRASIL<\/h2>\n\n\n\n<h3><\/h3>\n\n\n\n<p><\/p>\n<\/div>\n<\/div>\n\n\n\n<div class=\"wp-block-columns card card-evento\">\n<div class=\"wp-block-column\">\n<figure class=\"wp-block-image size-full is-style-default\"><img loading=\"lazy\" width=\"1024\" height=\"1024\" src=\"http:\/\/www.manaturalezas.com\/content\/wp-content\/uploads\/2022\/05\/1512-DIA-TE.jpeg\" alt=\"Dia mundial del TE\" class=\"wp-image-1198\" srcset=\"http:\/\/www.manaturalezas.com\/content\/wp-content\/uploads\/2022\/05\/1512-DIA-TE.jpeg 1024w, http:\/\/www.manaturalezas.com\/content\/wp-content\/uploads\/2022\/05\/1512-DIA-TE-300x300.jpeg 300w, http:\/\/www.manaturalezas.com\/content\/wp-content\/uploads\/2022\/05\/1512-DIA-TE-150x150.jpeg 150w, http:\/\/www.manaturalezas.com\/content\/wp-content\/uploads\/2022\/05\/1512-DIA-TE-768x768.jpeg 768w\" sizes=\"(max-width: 1024px) 100vw, 1024px\" \/><\/figure>\n<\/div>\n\n\n\n<div class=\"wp-block-column\">\n<h2>D\u00cdA MUNDIAL DEL T\u00c9<\/h2>\n\n\n\n<h3>15 de Diciembre<\/h3>\n\n\n\n<p><\/p>\n<\/div>\n<\/div>\n\n\n\n<div class=\"wp-block-columns card card-evento\">\n<div class=\"wp-block-column\">\n<figure class=\"wp-block-image size-full is-style-default\"><img loading=\"lazy\" width=\"1024\" height=\"1024\" src=\"http:\/\/www.manaturalezas.com\/content\/wp-content\/uploads\/2022\/05\/1212-DIA-TE.jpeg\" alt=\"Dia Mundial de la Salud Universal\" class=\"wp-image-1197\" srcset=\"http:\/\/www.manaturalezas.com\/content\/wp-content\/uploads\/2022\/05\/1212-DIA-TE.jpeg 1024w, http:\/\/www.manaturalezas.com\/content\/wp-content\/uploads\/2022\/05\/1212-DIA-TE-300x300.jpeg 300w, http:\/\/www.manaturalezas.com\/content\/wp-content\/uploads\/2022\/05\/1212-DIA-TE-150x150.jpeg 150w, http:\/\/www.manaturalezas.com\/content\/wp-content\/uploads\/2022\/05\/1212-DIA-TE-768x768.jpeg 768w\" sizes=\"(max-width: 1024px) 100vw, 1024px\" \/><\/figure>\n<\/div>\n\n\n\n<div class=\"wp-block-column\">\n<h2>D\u00cdA MUNDIAL DE LA SALUD UNIVERSAL<\/h2>\n\n\n\n<h3>12 de Diciembre<\/h3>\n\n\n\n<p><\/p>\n<\/div>\n<\/div>\n\n\n\n<div class=\"wp-block-columns card card-evento\">\n<div class=\"wp-block-column\">\n<figure class=\"wp-block-image size-full is-style-default\"><img loading=\"lazy\" width=\"1024\" height=\"1024\" src=\"http:\/\/www.manaturalezas.com\/content\/wp-content\/uploads\/2022\/05\/0112-SIDA.jpeg\" alt=\"\" class=\"wp-image-1196\" srcset=\"http:\/\/www.manaturalezas.com\/content\/wp-content\/uploads\/2022\/05\/0112-SIDA.jpeg 1024w, http:\/\/www.manaturalezas.com\/content\/wp-content\/uploads\/2022\/05\/0112-SIDA-300x300.jpeg 300w, http:\/\/www.manaturalezas.com\/content\/wp-content\/uploads\/2022\/05\/0112-SIDA-150x150.jpeg 150w, http:\/\/www.manaturalezas.com\/content\/wp-content\/uploads\/2022\/05\/0112-SIDA-768x768.jpeg 768w\" sizes=\"(max-width: 1024px) 100vw, 1024px\" \/><\/figure>\n<\/div>\n\n\n\n<div class=\"wp-block-column\">\n<h2>D\u00cdA MUNDIAL DEL SIDA<\/h2>\n\n\n\n<h3>01 de Diciembre<\/h3>\n\n\n\n<p><\/p>\n<\/div>\n<\/div>\n\n\n\n<div class=\"wp-block-columns card card-evento\">\n<div class=\"wp-block-column\">\n<figure class=\"wp-block-image size-large is-style-default\"><img loading=\"lazy\" width=\"1024\" height=\"1024\" src=\"http:\/\/www.manaturalezas.com\/content\/wp-content\/uploads\/2021\/11\/20211126-1024x1024.jpg\" alt=\"\" class=\"wp-image-1185\" srcset=\"http:\/\/www.manaturalezas.com\/content\/wp-content\/uploads\/2021\/11\/20211126-1024x1024.jpg 1024w, http:\/\/www.manaturalezas.com\/content\/wp-content\/uploads\/2021\/11\/20211126-300x300.jpg 300w, http:\/\/www.manaturalezas.com\/content\/wp-content\/uploads\/2021\/11\/20211126-150x150.jpg 150w, http:\/\/www.manaturalezas.com\/content\/wp-content\/uploads\/2021\/11\/20211126-768x768.jpg 768w, http:\/\/www.manaturalezas.com\/content\/wp-content\/uploads\/2021\/11\/20211126.jpg 1080w\" sizes=\"(max-width: 1024px) 100vw, 1024px\" \/><\/figure>\n<\/div>\n\n\n\n<div class=\"wp-block-column\">\n<h2>D\u00cdA MUNDIAL DEL OLIVO<\/h2>\n\n\n\n<h3>26 de Noviembre de 2021<\/h3>\n\n\n\n<p><\/p>\n<\/div>\n<\/div>\n\n\n\n<div class=\"wp-block-columns card card-evento\">\n<div class=\"wp-block-column\">\n<figure class=\"wp-block-image size-large is-style-default\"><img loading=\"lazy\" width=\"1024\" height=\"1024\" src=\"http:\/\/www.manaturalezas.com\/content\/wp-content\/uploads\/2021\/11\/20211114-1024x1024.jpg\" alt=\"\" class=\"wp-image-1184\" srcset=\"http:\/\/www.manaturalezas.com\/content\/wp-content\/uploads\/2021\/11\/20211114-1024x1024.jpg 1024w, http:\/\/www.manaturalezas.com\/content\/wp-content\/uploads\/2021\/11\/20211114-300x300.jpg 300w, http:\/\/www.manaturalezas.com\/content\/wp-content\/uploads\/2021\/11\/20211114-150x150.jpg 150w, http:\/\/www.manaturalezas.com\/content\/wp-content\/uploads\/2021\/11\/20211114-768x768.jpg 768w, http:\/\/www.manaturalezas.com\/content\/wp-content\/uploads\/2021\/11\/20211114.jpg 1080w\" sizes=\"(max-width: 1024px) 100vw, 1024px\" \/><\/figure>\n<\/div>\n\n\n\n<div class=\"wp-block-column\">\n<h2>D\u00cdA MUNDIAL DE LA DIABETES<\/h2>\n\n\n\n<h3>14 de Noviembre de 2021<\/h3>\n\n\n\n<p><\/p>\n<\/div>\n<\/div>\n\n\n\n<div class=\"wp-block-columns card card-evento\">\n<div class=\"wp-block-column\">\n<figure class=\"wp-block-image size-large is-style-default\"><img loading=\"lazy\" width=\"1024\" height=\"1024\" src=\"http:\/\/www.manaturalezas.com\/content\/wp-content\/uploads\/2021\/11\/20211112-1024x1024.jpg\" alt=\"\" class=\"wp-image-1183\" srcset=\"http:\/\/www.manaturalezas.com\/content\/wp-content\/uploads\/2021\/11\/20211112-1024x1024.jpg 1024w, http:\/\/www.manaturalezas.com\/content\/wp-content\/uploads\/2021\/11\/20211112-300x300.jpg 300w, http:\/\/www.manaturalezas.com\/content\/wp-content\/uploads\/2021\/11\/20211112-150x150.jpg 150w, http:\/\/www.manaturalezas.com\/content\/wp-content\/uploads\/2021\/11\/20211112-768x768.jpg 768w, http:\/\/www.manaturalezas.com\/content\/wp-content\/uploads\/2021\/11\/20211112.jpg 1080w\" sizes=\"(max-width: 1024px) 100vw, 1024px\" \/><\/figure>\n<\/div>\n\n\n\n<div class=\"wp-block-column\">\n<h2>D\u00cdA MUNDIAL DE LA NEUMON\u00cdA<\/h2>\n\n\n\n<h3>12 de Noviembre de 2021<\/h3>\n\n\n\n<p><\/p>\n<\/div>\n<\/div>\n\n\n\n<div class=\"wp-block-columns card card-evento\">\n<div class=\"wp-block-column\">\n<figure class=\"wp-block-image size-large is-style-default\"><img loading=\"lazy\" width=\"1024\" height=\"1024\" src=\"http:\/\/www.manaturalezas.com\/content\/wp-content\/uploads\/2021\/11\/20211016-1024x1024.jpg\" alt=\"\" class=\"wp-image-1182\" srcset=\"http:\/\/www.manaturalezas.com\/content\/wp-content\/uploads\/2021\/11\/20211016-1024x1024.jpg 1024w, http:\/\/www.manaturalezas.com\/content\/wp-content\/uploads\/2021\/11\/20211016-300x300.jpg 300w, http:\/\/www.manaturalezas.com\/content\/wp-content\/uploads\/2021\/11\/20211016-150x150.jpg 150w, http:\/\/www.manaturalezas.com\/content\/wp-content\/uploads\/2021\/11\/20211016-768x768.jpg 768w, http:\/\/www.manaturalezas.com\/content\/wp-content\/uploads\/2021\/11\/20211016.jpg 1080w\" sizes=\"(max-width: 1024px) 100vw, 1024px\" \/><\/figure>\n<\/div>\n\n\n\n<div class=\"wp-block-column\">\n<h2>D\u00cdA MUNDIAL DE LA ALIMENTACI\u00d3N<\/h2>\n\n\n\n<h3>16 de Octubre de 2021<\/h3>\n<\/div>\n<\/div>\n\n\n\n<div class=\"wp-block-columns card card-evento\">\n<div class=\"wp-block-column\">\n<figure class=\"wp-block-image size-large is-style-default\"><img loading=\"lazy\" width=\"1024\" height=\"1024\" src=\"http:\/\/www.manaturalezas.com\/content\/wp-content\/uploads\/2021\/11\/20211008-1024x1024.jpg\" alt=\"\" class=\"wp-image-1181\" srcset=\"http:\/\/www.manaturalezas.com\/content\/wp-content\/uploads\/2021\/11\/20211008-1024x1024.jpg 1024w, http:\/\/www.manaturalezas.com\/content\/wp-content\/uploads\/2021\/11\/20211008-300x300.jpg 300w, http:\/\/www.manaturalezas.com\/content\/wp-content\/uploads\/2021\/11\/20211008-150x150.jpg 150w, http:\/\/www.manaturalezas.com\/content\/wp-content\/uploads\/2021\/11\/20211008-768x768.jpg 768w, http:\/\/www.manaturalezas.com\/content\/wp-content\/uploads\/2021\/11\/20211008.jpg 1080w\" sizes=\"(max-width: 1024px) 100vw, 1024px\" \/><\/figure>\n<\/div>\n\n\n\n<div class=\"wp-block-column\">\n<h2>D\u00cdA MUNDIAL DE LA VISI\u00d3N<\/h2>\n\n\n\n<h3>08 de Octubre de 2021<\/h3>\n<\/div>\n<\/div>\n\n\n\n<div class=\"wp-block-columns card card-evento\">\n<div class=\"wp-block-column\">\n<figure class=\"wp-block-image size-large is-style-default\"><img loading=\"lazy\" width=\"1024\" height=\"1024\" src=\"http:\/\/www.manaturalezas.com\/content\/wp-content\/uploads\/2021\/11\/20211001-1024x1024.jpg\" alt=\"\" class=\"wp-image-1180\" srcset=\"http:\/\/www.manaturalezas.com\/content\/wp-content\/uploads\/2021\/11\/20211001-1024x1024.jpg 1024w, http:\/\/www.manaturalezas.com\/content\/wp-content\/uploads\/2021\/11\/20211001-300x300.jpg 300w, http:\/\/www.manaturalezas.com\/content\/wp-content\/uploads\/2021\/11\/20211001-150x150.jpg 150w, http:\/\/www.manaturalezas.com\/content\/wp-content\/uploads\/2021\/11\/20211001-768x768.jpg 768w, http:\/\/www.manaturalezas.com\/content\/wp-content\/uploads\/2021\/11\/20211001.jpg 1080w\" sizes=\"(max-width: 1024px) 100vw, 1024px\" \/><\/figure>\n<\/div>\n\n\n\n<div class=\"wp-block-column\">\n<h2>D\u00cdA MUNDIAL DEL VEGETARIANISMO<\/h2>\n\n\n\n<h3>01 de Octubre de 2021<\/h3>\n<\/div>\n<\/div>\n\n\n\n<div class=\"wp-block-columns card card-evento\">\n<div class=\"wp-block-column\">\n<figure class=\"wp-block-image size-large is-style-default\"><img loading=\"lazy\" width=\"1018\" height=\"1024\" src=\"http:\/\/www.manaturalezas.com\/content\/wp-content\/uploads\/2021\/11\/20210929-1018x1024.jpg\" alt=\"\" class=\"wp-image-1179\" srcset=\"http:\/\/www.manaturalezas.com\/content\/wp-content\/uploads\/2021\/11\/20210929-1018x1024.jpg 1018w, http:\/\/www.manaturalezas.com\/content\/wp-content\/uploads\/2021\/11\/20210929-298x300.jpg 298w, http:\/\/www.manaturalezas.com\/content\/wp-content\/uploads\/2021\/11\/20210929-150x150.jpg 150w, http:\/\/www.manaturalezas.com\/content\/wp-content\/uploads\/2021\/11\/20210929-768x772.jpg 768w, http:\/\/www.manaturalezas.com\/content\/wp-content\/uploads\/2021\/11\/20210929.jpg 1241w\" sizes=\"(max-width: 1018px) 100vw, 1018px\" \/><\/figure>\n<\/div>\n\n\n\n<div class=\"wp-block-column\">\n<h2>D\u00cdA MUNDIAL DEL CORAZ\u00d3N<\/h2>\n\n\n\n<h3>29 de Setiembre de 2021<\/h3>\n<\/div>\n<\/div>\n\n\n\n<div class=\"wp-block-columns card card-evento\">\n<div class=\"wp-block-column\">\n<figure class=\"wp-block-image size-large is-style-default\"><img loading=\"lazy\" width=\"1024\" height=\"1024\" src=\"http:\/\/www.manaturalezas.com\/content\/wp-content\/uploads\/2021\/11\/20210921-1024x1024.jpg\" alt=\"\" class=\"wp-image-1178\" srcset=\"http:\/\/www.manaturalezas.com\/content\/wp-content\/uploads\/2021\/11\/20210921-1024x1024.jpg 1024w, http:\/\/www.manaturalezas.com\/content\/wp-content\/uploads\/2021\/11\/20210921-300x300.jpg 300w, http:\/\/www.manaturalezas.com\/content\/wp-content\/uploads\/2021\/11\/20210921-150x150.jpg 150w, http:\/\/www.manaturalezas.com\/content\/wp-content\/uploads\/2021\/11\/20210921-768x768.jpg 768w, http:\/\/www.manaturalezas.com\/content\/wp-content\/uploads\/2021\/11\/20210921.jpg 1080w\" sizes=\"(max-width: 1024px) 100vw, 1024px\" \/><\/figure>\n<\/div>\n\n\n\n<div class=\"wp-block-column\">\n<h2>D\u00cdA INTERNACIONAL DEL ALZHEIMER<\/h2>\n\n\n\n<h3>21 de Setiembre de 2021<\/h3>\n<\/div>\n<\/div>\n\n\n\n<div class=\"wp-block-columns card card-evento\">\n<div class=\"wp-block-column\">\n<figure class=\"wp-block-image size-full is-style-default\"><img loading=\"lazy\" width=\"940\" height=\"788\" src=\"http:\/\/www.manaturalezas.com\/content\/wp-content\/uploads\/2021\/11\/20210918.jpg\" alt=\"\" class=\"wp-image-1177\" srcset=\"http:\/\/www.manaturalezas.com\/content\/wp-content\/uploads\/2021\/11\/20210918.jpg 940w, http:\/\/www.manaturalezas.com\/content\/wp-content\/uploads\/2021\/11\/20210918-300x251.jpg 300w, http:\/\/www.manaturalezas.com\/content\/wp-content\/uploads\/2021\/11\/20210918-768x644.jpg 768w\" sizes=\"(max-width: 940px) 100vw, 940px\" \/><\/figure>\n<\/div>\n\n\n\n<div class=\"wp-block-column\">\n<h2>V FORO BRASILERO DE NATUROPAT\u00cdA<\/h2>\n\n\n\n<h3>18 &#8211; 19 de Setiembre de 2021<\/h3>\n<\/div>\n<\/div>\n\n\n\n<div class=\"wp-block-columns card card-evento\">\n<div class=\"wp-block-column\">\n<figure class=\"wp-block-image size-large is-style-default\"><img loading=\"lazy\" width=\"1024\" height=\"1024\" src=\"http:\/\/www.manaturalezas.com\/content\/wp-content\/uploads\/2021\/11\/20210913-1024x1024.jpg\" alt=\"\" class=\"wp-image-1176\" srcset=\"http:\/\/www.manaturalezas.com\/content\/wp-content\/uploads\/2021\/11\/20210913-1024x1024.jpg 1024w, http:\/\/www.manaturalezas.com\/content\/wp-content\/uploads\/2021\/11\/20210913-300x300.jpg 300w, http:\/\/www.manaturalezas.com\/content\/wp-content\/uploads\/2021\/11\/20210913-150x150.jpg 150w, http:\/\/www.manaturalezas.com\/content\/wp-content\/uploads\/2021\/11\/20210913-768x768.jpg 768w, http:\/\/www.manaturalezas.com\/content\/wp-content\/uploads\/2021\/11\/20210913.jpg 1080w\" sizes=\"(max-width: 1024px) 100vw, 1024px\" \/><\/figure>\n<\/div>\n\n\n\n<div class=\"wp-block-column\">\n<h2>D\u00cdA INTERNACIONAL DEL CHOCOLATE<\/h2>\n\n\n\n<h3>13 de Setiembre de 2021<\/h3>\n<\/div>\n<\/div>\n\n\n\n<div class=\"wp-block-columns card card-evento\">\n<div class=\"wp-block-column\">\n<figure class=\"wp-block-image size-large is-style-default\"><img loading=\"lazy\" width=\"1024\" height=\"1024\" src=\"http:\/\/www.manaturalezas.com\/content\/wp-content\/uploads\/2021\/11\/20210828-1024x1024.jpg\" alt=\"\" class=\"wp-image-1175\" srcset=\"http:\/\/www.manaturalezas.com\/content\/wp-content\/uploads\/2021\/11\/20210828-1024x1024.jpg 1024w, http:\/\/www.manaturalezas.com\/content\/wp-content\/uploads\/2021\/11\/20210828-300x300.jpg 300w, http:\/\/www.manaturalezas.com\/content\/wp-content\/uploads\/2021\/11\/20210828-150x150.jpg 150w, http:\/\/www.manaturalezas.com\/content\/wp-content\/uploads\/2021\/11\/20210828-768x768.jpg 768w, http:\/\/www.manaturalezas.com\/content\/wp-content\/uploads\/2021\/11\/20210828.jpg 1080w\" sizes=\"(max-width: 1024px) 100vw, 1024px\" \/><\/figure>\n<\/div>\n\n\n\n<div class=\"wp-block-column\">\n<h2>IV CONGRESO DE NATUROPAT\u00cdA<\/h2>\n\n\n\n<h3>28 y 29 de Agosto de 2021<\/h3>\n<\/div>\n<\/div>\n\n\n\n<div class=\"wp-block-columns card card-evento\">\n<div class=\"wp-block-column\">\n<figure class=\"wp-block-image size-full is-style-default\"><img loading=\"lazy\" width=\"1024\" height=\"1024\" src=\"http:\/\/www.manaturalezas.com\/content\/wp-content\/uploads\/2021\/11\/20210815.jpg\" alt=\"\" class=\"wp-image-1174\" srcset=\"http:\/\/www.manaturalezas.com\/content\/wp-content\/uploads\/2021\/11\/20210815.jpg 1024w, http:\/\/www.manaturalezas.com\/content\/wp-content\/uploads\/2021\/11\/20210815-300x300.jpg 300w, http:\/\/www.manaturalezas.com\/content\/wp-content\/uploads\/2021\/11\/20210815-150x150.jpg 150w, http:\/\/www.manaturalezas.com\/content\/wp-content\/uploads\/2021\/11\/20210815-768x768.jpg 768w\" sizes=\"(max-width: 1024px) 100vw, 1024px\" \/><\/figure>\n<\/div>\n\n\n\n<div class=\"wp-block-column\">\n<h2>D\u00cdA MUNDIAL DE LA RELAJACI\u00d3N<\/h2>\n\n\n\n<h3>15 de Agosto de 2021<\/h3>\n<\/div>\n<\/div>\n\n\n\n<div class=\"wp-block-columns card card-evento\">\n<div class=\"wp-block-column\">\n<figure class=\"wp-block-image size-large is-style-default\"><img loading=\"lazy\" width=\"1024\" height=\"1024\" src=\"http:\/\/www.manaturalezas.com\/content\/wp-content\/uploads\/2021\/11\/20210809-1024x1024.jpg\" alt=\"\" class=\"wp-image-1173\" srcset=\"http:\/\/www.manaturalezas.com\/content\/wp-content\/uploads\/2021\/11\/20210809-1024x1024.jpg 1024w, http:\/\/www.manaturalezas.com\/content\/wp-content\/uploads\/2021\/11\/20210809-300x300.jpg 300w, http:\/\/www.manaturalezas.com\/content\/wp-content\/uploads\/2021\/11\/20210809-150x150.jpg 150w, http:\/\/www.manaturalezas.com\/content\/wp-content\/uploads\/2021\/11\/20210809-768x768.jpg 768w, http:\/\/www.manaturalezas.com\/content\/wp-content\/uploads\/2021\/11\/20210809.jpg 1080w\" sizes=\"(max-width: 1024px) 100vw, 1024px\" \/><\/figure>\n<\/div>\n\n\n\n<div class=\"wp-block-column\">\n<h2>D\u00cdA MUNDIAL DE LOS PUEBLOS ORIGINARIOS<\/h2>\n\n\n\n<h3>09 de Agosto de 2021<\/h3>\n<\/div>\n<\/div>\n\n\n\n<div class=\"wp-block-columns card card-evento\">\n<div class=\"wp-block-column\">\n<figure class=\"wp-block-image size-large is-style-default\"><img loading=\"lazy\" width=\"1024\" height=\"1024\" src=\"http:\/\/www.manaturalezas.com\/content\/wp-content\/uploads\/2021\/11\/20210801-1024x1024.jpg\" alt=\"\" class=\"wp-image-1172\" srcset=\"http:\/\/www.manaturalezas.com\/content\/wp-content\/uploads\/2021\/11\/20210801-1024x1024.jpg 1024w, http:\/\/www.manaturalezas.com\/content\/wp-content\/uploads\/2021\/11\/20210801-300x300.jpg 300w, http:\/\/www.manaturalezas.com\/content\/wp-content\/uploads\/2021\/11\/20210801-150x150.jpg 150w, http:\/\/www.manaturalezas.com\/content\/wp-content\/uploads\/2021\/11\/20210801-768x768.jpg 768w, http:\/\/www.manaturalezas.com\/content\/wp-content\/uploads\/2021\/11\/20210801.jpg 1080w\" sizes=\"(max-width: 1024px) 100vw, 1024px\" \/><\/figure>\n<\/div>\n\n\n\n<div class=\"wp-block-column\">\n<h2>D\u00cdA MUNDIAL DE LA ALEGR\u00cdA <\/h2>\n\n\n\n<h3>01 de Agosto de 2021<\/h3>\n<\/div>\n<\/div>\n\n\n\n<div class=\"wp-block-columns card card-evento\">\n<div class=\"wp-block-column\">\n<figure class=\"wp-block-image size-large is-style-default\"><img loading=\"lazy\" width=\"1024\" height=\"1024\" src=\"http:\/\/www.manaturalezas.com\/content\/wp-content\/uploads\/2021\/11\/20210722-1024x1024.jpg\" alt=\"\" class=\"wp-image-1171\" srcset=\"http:\/\/www.manaturalezas.com\/content\/wp-content\/uploads\/2021\/11\/20210722-1024x1024.jpg 1024w, http:\/\/www.manaturalezas.com\/content\/wp-content\/uploads\/2021\/11\/20210722-300x300.jpg 300w, http:\/\/www.manaturalezas.com\/content\/wp-content\/uploads\/2021\/11\/20210722-150x150.jpg 150w, http:\/\/www.manaturalezas.com\/content\/wp-content\/uploads\/2021\/11\/20210722-768x768.jpg 768w, http:\/\/www.manaturalezas.com\/content\/wp-content\/uploads\/2021\/11\/20210722.jpg 1080w\" sizes=\"(max-width: 1024px) 100vw, 1024px\" \/><\/figure>\n<\/div>\n\n\n\n<div class=\"wp-block-column\">\n<h2>D\u00cdA MUNDIAL DEL CEREBRO<\/h2>\n\n\n\n<h3>22 de Julio de 2021<\/h3>\n<\/div>\n<\/div>\n\n\n\n<div class=\"wp-block-columns card card-evento\">\n<div class=\"wp-block-column\">\n<figure class=\"wp-block-image size-large is-style-default\"><img loading=\"lazy\" width=\"1024\" height=\"1024\" src=\"http:\/\/www.manaturalezas.com\/content\/wp-content\/uploads\/2021\/11\/20210708-1024x1024.jpg\" alt=\"\" class=\"wp-image-1170\" srcset=\"http:\/\/www.manaturalezas.com\/content\/wp-content\/uploads\/2021\/11\/20210708-1024x1024.jpg 1024w, http:\/\/www.manaturalezas.com\/content\/wp-content\/uploads\/2021\/11\/20210708-300x300.jpg 300w, http:\/\/www.manaturalezas.com\/content\/wp-content\/uploads\/2021\/11\/20210708-150x150.jpg 150w, http:\/\/www.manaturalezas.com\/content\/wp-content\/uploads\/2021\/11\/20210708-768x768.jpg 768w, http:\/\/www.manaturalezas.com\/content\/wp-content\/uploads\/2021\/11\/20210708.jpg 1080w\" sizes=\"(max-width: 1024px) 100vw, 1024px\" \/><\/figure>\n<\/div>\n\n\n\n<div class=\"wp-block-column\">\n<h2>D\u00cdA MUNDIAL DE LA ALERGIA<\/h2>\n\n\n\n<h3>08 de Julio de 2021<\/h3>\n<\/div>\n<\/div>\n\n\n\n<div class=\"wp-block-columns card card-evento\">\n<div class=\"wp-block-column\">\n<figure class=\"wp-block-image size-full is-style-default\"><img loading=\"lazy\" width=\"940\" height=\"788\" src=\"http:\/\/www.manaturalezas.com\/content\/wp-content\/uploads\/2021\/11\/20210425.jpg\" alt=\"\" class=\"wp-image-1169\" srcset=\"http:\/\/www.manaturalezas.com\/content\/wp-content\/uploads\/2021\/11\/20210425.jpg 940w, http:\/\/www.manaturalezas.com\/content\/wp-content\/uploads\/2021\/11\/20210425-300x251.jpg 300w, http:\/\/www.manaturalezas.com\/content\/wp-content\/uploads\/2021\/11\/20210425-768x644.jpg 768w\" sizes=\"(max-width: 940px) 100vw, 940px\" \/><\/figure>\n<\/div>\n\n\n\n<div class=\"wp-block-column\">\n<h2>III CONGRESO DE NATUROPAT\u00cdA<\/h2>\n\n\n\n<h3>25 de Abril de 2021<\/h3>\n<\/div>\n<\/div>\n","protected":false},"excerpt":{"rendered":"<p>NATUROPATAS DO BRASIL CANAL DE YOUTUBE http:\/\/www.youtube.com\/naturopatasdobrasil NATUROPATAS DO BRASIL Flavia Banchieri &#8211; Miembro Colaborador del Consejo Consultivo NATUROPATAS DO BRASIL D\u00cdA MUNDIAL DEL T\u00c9 15 de Diciembre D\u00cdA MUNDIAL DE LA SALUD UNIVERSAL 12 de Diciembre D\u00cdA MUNDIAL DEL SIDA 01 de Diciembre D\u00cdA MUNDIAL DEL OLIVO 26 de Noviembre de 2021 D\u00cdA MUNDIAL DE LA DIABETES 14 de Noviembre de 2021 D\u00cdA MUNDIAL DE LA NEUMON\u00cdA 12 de Noviembre de 2021 D\u00cdA MUNDIAL DE LA ALIMENTACI\u00d3N 16 de Octubre de 2021 D\u00cdA MUNDIAL DE LA VISI\u00d3N 08 de Octubre de 2021 D\u00cdA MUNDIAL DEL VEGETARIANISMO 01 de Octubre de 2021 D\u00cdA MUNDIAL DEL CORAZ\u00d3N 29 de Setiembre de 2021 D\u00cdA INTERNACIONAL DEL ALZHEIMER 21 de Setiembre de 2021 V FORO BRASILERO DE NATUROPAT\u00cdA 18 &#8211; 19 de Setiembre de 2021 D\u00cdA INTERNACIONAL DEL CHOCOLATE 13 de Setiembre de 2021 IV CONGRESO DE NATUROPAT\u00cdA 28 y 29 de Agosto&hellip;<\/p>\n<p> <a class=\"more-link\" href=\"http:\/\/www.manaturalezas.com\/content\/?page_id=1186\">Read more<\/a><\/p>\n","protected":false},"author":1,"featured_media":1034,"parent":0,"menu_order":0,"comment_status":"closed","ping_status":"closed","template":"","meta":[],"_links":{"self":[{"href":"http:\/\/www.manaturalezas.com\/content\/index.php?rest_route=\/wp\/v2\/pages\/1186"}],"collection":[{"href":"http:\/\/www.manaturalezas.com\/content\/index.php?rest_route=\/wp\/v2\/pages"}],"about":[{"href":"http:\/\/www.manaturalezas.com\/content\/index.php?rest_route=\/wp\/v2\/types\/page"}],"author":[{"embeddable":true,"href":"http:\/\/www.manaturalezas.com\/content\/index.php?rest_route=\/wp\/v2\/users\/1"}],"replies":[{"embeddable":true,"href":"http:\/\/www.manaturalezas.com\/content\/index.php?rest_route=%2Fwp%2Fv2%2Fcomments&post=1186"}],"version-history":[{"count":6,"href":"http:\/\/www.manaturalezas.com\/content\/index.php?rest_route=\/wp\/v2\/pages\/1186\/revisions"}],"predecessor-version":[{"id":1203,"href":"http:\/\/www.manaturalezas.com\/content\/index.php?rest_route=\/wp\/v2\/pages\/1186\/revisions\/1203"}],"wp:featuredmedia":[{"embeddable":true,"href":"http:\/\/www.manaturalezas.com\/content\/index.php?rest_route=\/wp\/v2\/media\/1034"}],"wp:attachment":[{"href":"http:\/\/www.manaturalezas.com\/content\/index.php?rest_route=%2Fwp%2Fv2%2Fmedia&parent=1186"}],"curies":[{"name":"wp","href":"https:\/\/api.w.org\/{rel}","templated":true}]}}