{"id":1155,"date":"2021-10-07T11:31:58","date_gmt":"2021-10-07T11:31:58","guid":{"rendered":"http:\/\/www.manaturalezas.com\/content\/?page_id=1155"},"modified":"2021-10-07T11:32:02","modified_gmt":"2021-10-07T11:32:02","slug":"radiestesia-2","status":"publish","type":"page","link":"http:\/\/www.manaturalezas.com\/content\/?page_id=1155","title":{"rendered":"RADIESTESIA"},"content":{"rendered":"\n<p>La Radiestesia es la ciencia que estudia los fen\u00f3menos de los campos de fuerza presentes en la naturaleza: electromagn\u00e9tico, magn\u00e9tico, el\u00e9ctrico, t\u00e9rmico y gravedad, que influyen en el ser humano, en la armonizaci\u00f3n de su campo energ\u00e9tico, as\u00ed como de aquellos lugares donde transcurre la vida. Todos los cuerpos existentes en el Universo emiten radiaciones u ondas de extensi\u00f3n propia de los procesos moleculares. Estas radiaciones pueden ser extremadamente nocivas o altamente ben\u00e9ficas seg\u00fan el tiempo y forma de exposici\u00f3n a ellas.<\/p>\n\n\n\n<p>En <strong>MANATURALEZAS<\/strong>, realizamos estudios radiest\u00e9sicos empresariales, comerciales y de propiedades privadas, a fin de establecer la sana armon\u00eda y la salud en todas las \u00e1reas de la vida de un modo pr\u00e1ctico y oportuno.<\/p>\n","protected":false},"excerpt":{"rendered":"<p>La Radiestesia es la ciencia que estudia los fen\u00f3menos de los campos de fuerza presentes en la naturaleza: electromagn\u00e9tico, magn\u00e9tico, el\u00e9ctrico, t\u00e9rmico y gravedad, que influyen en el ser humano, en la armonizaci\u00f3n de su campo energ\u00e9tico, as\u00ed como de aquellos lugares donde transcurre la vida. Todos los cuerpos existentes en el Universo emiten radiaciones u ondas de extensi\u00f3n propia de los procesos moleculares. Estas radiaciones pueden ser extremadamente nocivas o altamente ben\u00e9ficas seg\u00fan el tiempo y forma de exposici\u00f3n a ellas. En MANATURALEZAS, realizamos estudios radiest\u00e9sicos empresariales, comerciales y de propiedades privadas, a fin de establecer la sana armon\u00eda y la salud en todas las \u00e1reas de la vida de un modo pr\u00e1ctico y oportuno.<\/p>\n","protected":false},"author":1,"featured_media":1088,"parent":0,"menu_order":0,"comment_status":"closed","ping_status":"closed","template":"","meta":[],"_links":{"self":[{"href":"http:\/\/www.manaturalezas.com\/content\/index.php?rest_route=\/wp\/v2\/pages\/1155"}],"collection":[{"href":"http:\/\/www.manaturalezas.com\/content\/index.php?rest_route=\/wp\/v2\/pages"}],"about":[{"href":"http:\/\/www.manaturalezas.com\/content\/index.php?rest_route=\/wp\/v2\/types\/page"}],"author":[{"embeddable":true,"href":"http:\/\/www.manaturalezas.com\/content\/index.php?rest_route=\/wp\/v2\/users\/1"}],"replies":[{"embeddable":true,"href":"http:\/\/www.manaturalezas.com\/content\/index.php?rest_route=%2Fwp%2Fv2%2Fcomments&post=1155"}],"version-history":[{"count":1,"href":"http:\/\/www.manaturalezas.com\/content\/index.php?rest_route=\/wp\/v2\/pages\/1155\/revisions"}],"predecessor-version":[{"id":1156,"href":"http:\/\/www.manaturalezas.com\/content\/index.php?rest_route=\/wp\/v2\/pages\/1155\/revisions\/1156"}],"wp:featuredmedia":[{"embeddable":true,"href":"http:\/\/www.manaturalezas.com\/content\/index.php?rest_route=\/wp\/v2\/media\/1088"}],"wp:attachment":[{"href":"http:\/\/www.manaturalezas.com\/content\/index.php?rest_route=%2Fwp%2Fv2%2Fmedia&parent=1155"}],"curies":[{"name":"wp","href":"https:\/\/api.w.org\/{rel}","templated":true}]}}