{"id":1151,"date":"2021-10-07T11:29:19","date_gmt":"2021-10-07T11:29:19","guid":{"rendered":"http:\/\/www.manaturalezas.com\/content\/?page_id=1151"},"modified":"2021-10-07T11:35:12","modified_gmt":"2021-10-07T11:35:12","slug":"numerologia-2","status":"publish","type":"page","link":"http:\/\/www.manaturalezas.com\/content\/?page_id=1151","title":{"rendered":"NUMEROLOG\u00cdA"},"content":{"rendered":"\n<p>La Numerolog\u00eda es conocida como la \u201cciencia de los n\u00fameros\u201d, que consiste en un lenguaje matem\u00e1tico a trav\u00e9s de la cual, los procesos de la vida pueden ser codificados en n\u00fameros y cuyas bases provienen desde el antiguo Egipto. La numerolog\u00eda identifica las relaciones que predisponen a que los eventos adquieran un determinado rumbo, y, adem\u00e1s, proporciona las explicaciones mediante las cuales se puede intervenir nuestra manera de crear a fin de adaptar los patrones num\u00e9ricos m\u00e1s apropiados al \u00e9xito de toda iniciativa.<\/p>\n\n\n\n<p>En <strong>MANATURALEZAS <\/strong>te ofrecemos los an\u00e1lisis numerol\u00f3gicos acerca de la estructura de tu vida a fin de potenciar las fuerzas inherentes a la hora de crear y de concretar.<\/p>\n\n\n\n<p>Te ofrecemos:<\/p>\n\n\n\n<ul><li>Numerolog\u00eda Empresarial<\/li><li>Numerolog\u00eda Comercial<\/li><li>Numerolog\u00eda Existencial<\/li><\/ul>\n","protected":false},"excerpt":{"rendered":"<p>La Numerolog\u00eda es conocida como la \u201cciencia de los n\u00fameros\u201d, que consiste en un lenguaje matem\u00e1tico a trav\u00e9s de la cual, los procesos de la vida pueden ser codificados en n\u00fameros y cuyas bases provienen desde el antiguo Egipto. La numerolog\u00eda identifica las relaciones que predisponen a que los eventos adquieran un determinado rumbo, y, adem\u00e1s, proporciona las explicaciones mediante las cuales se puede intervenir nuestra manera de crear a fin de adaptar los patrones num\u00e9ricos m\u00e1s apropiados al \u00e9xito de toda iniciativa. En MANATURALEZAS te ofrecemos los an\u00e1lisis numerol\u00f3gicos acerca de la estructura de tu vida a fin de potenciar las fuerzas inherentes a la hora de crear y de concretar. Te ofrecemos: Numerolog\u00eda Empresarial Numerolog\u00eda Comercial Numerolog\u00eda Existencial<\/p>\n","protected":false},"author":1,"featured_media":1058,"parent":0,"menu_order":0,"comment_status":"closed","ping_status":"closed","template":"","meta":[],"_links":{"self":[{"href":"http:\/\/www.manaturalezas.com\/content\/index.php?rest_route=\/wp\/v2\/pages\/1151"}],"collection":[{"href":"http:\/\/www.manaturalezas.com\/content\/index.php?rest_route=\/wp\/v2\/pages"}],"about":[{"href":"http:\/\/www.manaturalezas.com\/content\/index.php?rest_route=\/wp\/v2\/types\/page"}],"author":[{"embeddable":true,"href":"http:\/\/www.manaturalezas.com\/content\/index.php?rest_route=\/wp\/v2\/users\/1"}],"replies":[{"embeddable":true,"href":"http:\/\/www.manaturalezas.com\/content\/index.php?rest_route=%2Fwp%2Fv2%2Fcomments&post=1151"}],"version-history":[{"count":1,"href":"http:\/\/www.manaturalezas.com\/content\/index.php?rest_route=\/wp\/v2\/pages\/1151\/revisions"}],"predecessor-version":[{"id":1152,"href":"http:\/\/www.manaturalezas.com\/content\/index.php?rest_route=\/wp\/v2\/pages\/1151\/revisions\/1152"}],"wp:featuredmedia":[{"embeddable":true,"href":"http:\/\/www.manaturalezas.com\/content\/index.php?rest_route=\/wp\/v2\/media\/1058"}],"wp:attachment":[{"href":"http:\/\/www.manaturalezas.com\/content\/index.php?rest_route=%2Fwp%2Fv2%2Fmedia&parent=1151"}],"curies":[{"name":"wp","href":"https:\/\/api.w.org\/{rel}","templated":true}]}}