{"id":1149,"date":"2021-10-07T11:28:15","date_gmt":"2021-10-07T11:28:15","guid":{"rendered":"http:\/\/www.manaturalezas.com\/content\/?page_id=1149"},"modified":"2021-10-07T11:46:55","modified_gmt":"2021-10-07T11:46:55","slug":"astrologia","status":"publish","type":"page","link":"http:\/\/www.manaturalezas.com\/content\/?page_id=1149","title":{"rendered":"ASTROLOG\u00cdA"},"content":{"rendered":"\n<p>La Astrolog\u00eda es una ciencia, la cual puede ser entendida como un sistema de pensamiento que describe los procesos de la vida en el planeta y su relaci\u00f3n con el sistema solar. Dentro de sus bases se encuentran las estructuras y las leyes activas en la creaci\u00f3n de la vida que pertenecen al Universo. Este campo de conocimiento nos entrega una estructura de correspondencia entre el ser humano, el sistema solar, los astros y los ciclos presentes en la naturaleza, mediante los cuales se establecen relaciones que influyen en el ser humano, a lo largo de todo su ciclo de vida, desde su nacimiento, hasta su muerte; as\u00ed como por ejemplo, desde el nacimiento de una empresa hasta su finalizaci\u00f3n o transformaci\u00f3n.<\/p>\n\n\n\n<p><strong>MANATURALEZAS<\/strong> te ofrece diferentes tipos de evaluaciones astrol\u00f3gicas orientadas a diferentes aspectos de la creaci\u00f3n y construcci\u00f3n de nuestra realidad.<\/p>\n\n\n\n<p>Te ofrecemos:<\/p>\n\n\n\n<ul><li>Astrolog\u00eda Empresarial.<\/li><li>Astrolog\u00eda Comercial.<\/li><li>Astrolog\u00eda Existencial.<\/li><\/ul>\n","protected":false},"excerpt":{"rendered":"<p>La Astrolog\u00eda es una ciencia, la cual puede ser entendida como un sistema de pensamiento que describe los procesos de la vida en el planeta y su relaci\u00f3n con el sistema solar. Dentro de sus bases se encuentran las estructuras y las leyes activas en la creaci\u00f3n de la vida que pertenecen al Universo. Este campo de conocimiento nos entrega una estructura de correspondencia entre el ser humano, el sistema solar, los astros y los ciclos presentes en la naturaleza, mediante los cuales se establecen relaciones que influyen en el ser humano, a lo largo de todo su ciclo de vida, desde su nacimiento, hasta su muerte; as\u00ed como por ejemplo, desde el nacimiento de una empresa hasta su finalizaci\u00f3n o transformaci\u00f3n. MANATURALEZAS te ofrece diferentes tipos de evaluaciones astrol\u00f3gicas orientadas a diferentes aspectos de la creaci\u00f3n y construcci\u00f3n de nuestra realidad. Te ofrecemos: Astrolog\u00eda Empresarial. Astrolog\u00eda Comercial. Astrolog\u00eda Existencial.<\/p>\n","protected":false},"author":1,"featured_media":1053,"parent":0,"menu_order":0,"comment_status":"closed","ping_status":"closed","template":"","meta":[],"_links":{"self":[{"href":"http:\/\/www.manaturalezas.com\/content\/index.php?rest_route=\/wp\/v2\/pages\/1149"}],"collection":[{"href":"http:\/\/www.manaturalezas.com\/content\/index.php?rest_route=\/wp\/v2\/pages"}],"about":[{"href":"http:\/\/www.manaturalezas.com\/content\/index.php?rest_route=\/wp\/v2\/types\/page"}],"author":[{"embeddable":true,"href":"http:\/\/www.manaturalezas.com\/content\/index.php?rest_route=\/wp\/v2\/users\/1"}],"replies":[{"embeddable":true,"href":"http:\/\/www.manaturalezas.com\/content\/index.php?rest_route=%2Fwp%2Fv2%2Fcomments&post=1149"}],"version-history":[{"count":3,"href":"http:\/\/www.manaturalezas.com\/content\/index.php?rest_route=\/wp\/v2\/pages\/1149\/revisions"}],"predecessor-version":[{"id":1164,"href":"http:\/\/www.manaturalezas.com\/content\/index.php?rest_route=\/wp\/v2\/pages\/1149\/revisions\/1164"}],"wp:featuredmedia":[{"embeddable":true,"href":"http:\/\/www.manaturalezas.com\/content\/index.php?rest_route=\/wp\/v2\/media\/1053"}],"wp:attachment":[{"href":"http:\/\/www.manaturalezas.com\/content\/index.php?rest_route=%2Fwp%2Fv2%2Fmedia&parent=1149"}],"curies":[{"name":"wp","href":"https:\/\/api.w.org\/{rel}","templated":true}]}}