{"id":1147,"date":"2021-10-07T11:27:14","date_gmt":"2021-10-07T11:27:14","guid":{"rendered":"http:\/\/www.manaturalezas.com\/content\/?page_id=1147"},"modified":"2021-10-07T11:34:16","modified_gmt":"2021-10-07T11:34:16","slug":"feng-shui-2","status":"publish","type":"page","link":"http:\/\/www.manaturalezas.com\/content\/?page_id=1147","title":{"rendered":"FENG SHUI"},"content":{"rendered":"\n<p>El Feng Shui es un antiguo conocimiento milenario, el cual pudiera definirse como el \u201carte de la ubicaci\u00f3n\u201d, combina el arte y la ciencia para comprender un conocimiento profundo acerca de c\u00f3mo se relaciona nuestro entorno exterior y nuestro mundo interior. El Feng Shui armoniza los elementos de la naturaleza, con las fuerzas energ\u00e9ticas de la tierra y las fuerzas del Macrocosmos, con la energ\u00eda de los seres vivos. Cuando esto se realiza, fluye de un modo correcto la energ\u00eda o Chi, generando paz, bienestar, prosperidad y amor en los espacios armonizados para cada objetivo en particular.<\/p>\n\n\n\n<p>El Feng Shui puede ofrecernos un diagn\u00f3stico de las caracter\u00edsticas y problemas de un lugar, empresa o casa y de las personas que lo habitan o transitan. El Feng Shui utiliza correcta armonizaci\u00f3n de formas, colores, texturas, elementos, aromas, iluminaci\u00f3n, disposici\u00f3n adecuada de materiales y disposiciones de ubicaci\u00f3n espec\u00edficas para la correcta armon\u00eda del lugar.<\/p>\n\n\n\n<p><strong>MANATURALEZAS <\/strong>te ofrece diferentes tipos de armonizaciones, entre las que se destacan:<\/p>\n\n\n\n<ul><li>Armonizaciones Empresariales.<\/li><li>Armonizaciones Comerciales.<\/li><li>Armonizaciones Propiedad privada.<\/li><\/ul>\n","protected":false},"excerpt":{"rendered":"<p>El Feng Shui es un antiguo conocimiento milenario, el cual pudiera definirse como el \u201carte de la ubicaci\u00f3n\u201d, combina el arte y la ciencia para comprender un conocimiento profundo acerca de c\u00f3mo se relaciona nuestro entorno exterior y nuestro mundo interior. El Feng Shui armoniza los elementos de la naturaleza, con las fuerzas energ\u00e9ticas de la tierra y las fuerzas del Macrocosmos, con la energ\u00eda de los seres vivos. Cuando esto se realiza, fluye de un modo correcto la energ\u00eda o Chi, generando paz, bienestar, prosperidad y amor en los espacios armonizados para cada objetivo en particular. El Feng Shui puede ofrecernos un diagn\u00f3stico de las caracter\u00edsticas y problemas de un lugar, empresa o casa y de las personas que lo habitan o transitan. El Feng Shui utiliza correcta armonizaci\u00f3n de formas, colores, texturas, elementos, aromas, iluminaci\u00f3n, disposici\u00f3n adecuada de materiales y disposiciones de ubicaci\u00f3n espec\u00edficas para la correcta armon\u00eda&hellip;<\/p>\n<p> <a class=\"more-link\" href=\"http:\/\/www.manaturalezas.com\/content\/?page_id=1147\">Read more<\/a><\/p>\n","protected":false},"author":1,"featured_media":1056,"parent":0,"menu_order":0,"comment_status":"closed","ping_status":"closed","template":"","meta":[],"_links":{"self":[{"href":"http:\/\/www.manaturalezas.com\/content\/index.php?rest_route=\/wp\/v2\/pages\/1147"}],"collection":[{"href":"http:\/\/www.manaturalezas.com\/content\/index.php?rest_route=\/wp\/v2\/pages"}],"about":[{"href":"http:\/\/www.manaturalezas.com\/content\/index.php?rest_route=\/wp\/v2\/types\/page"}],"author":[{"embeddable":true,"href":"http:\/\/www.manaturalezas.com\/content\/index.php?rest_route=\/wp\/v2\/users\/1"}],"replies":[{"embeddable":true,"href":"http:\/\/www.manaturalezas.com\/content\/index.php?rest_route=%2Fwp%2Fv2%2Fcomments&post=1147"}],"version-history":[{"count":1,"href":"http:\/\/www.manaturalezas.com\/content\/index.php?rest_route=\/wp\/v2\/pages\/1147\/revisions"}],"predecessor-version":[{"id":1148,"href":"http:\/\/www.manaturalezas.com\/content\/index.php?rest_route=\/wp\/v2\/pages\/1147\/revisions\/1148"}],"wp:featuredmedia":[{"embeddable":true,"href":"http:\/\/www.manaturalezas.com\/content\/index.php?rest_route=\/wp\/v2\/media\/1056"}],"wp:attachment":[{"href":"http:\/\/www.manaturalezas.com\/content\/index.php?rest_route=%2Fwp%2Fv2%2Fmedia&parent=1147"}],"curies":[{"name":"wp","href":"https:\/\/api.w.org\/{rel}","templated":true}]}}