{"id":1143,"date":"2021-10-07T11:00:39","date_gmt":"2021-10-07T11:00:39","guid":{"rendered":"http:\/\/www.manaturalezas.com\/content\/?page_id=1143"},"modified":"2021-10-07T11:46:08","modified_gmt":"2021-10-07T11:46:08","slug":"nosotros","status":"publish","type":"page","link":"http:\/\/www.manaturalezas.com\/content\/?page_id=1143","title":{"rendered":"NOSOTROS"},"content":{"rendered":"\n<p class=\"has-medium-font-size\">Somos un equipo multidisciplinario que trabaja en la construcci\u00f3n de soluciones y estrategias de progreso, tanto a nivel individual como colectivo, teniendo presente el respeto, cuidado del ser humano, guiamos a que cada persona se sincronice del mejor modo con las fuerzas y elementos de la naturaleza.<\/p>\n\n\n\n<p class=\"has-medium-font-size\">Desde sus inicios la esencia de \u201cMANATURALEZAS\u201d nos ha permitido dar vida a los sue\u00f1os, metas e ideales de personas que al igual que nosotros, anhelan progresar hacia la realizaci\u00f3n de una mejor salud, prosperidad y felicidad. Establecemos delicados procesos de intervenci\u00f3n acordes a las necesidades de las personas o de las empresas que necesitan solucionar, mejorar y fortalecer sus objetivos de un modo concreto.<\/p>\n\n\n\n<p class=\"has-medium-font-size\">Reconocemos que el sendero de la vida y la manera de expresar nuestro potencial muchas veces requiere de un impulso que nos permita actuar en el momento oportuno. Somos conscientes de la importancia y la necesidad de que cada persona, tanto a nivel personal, profesional o empresarial, pueda vivir el \u00e9xito y progreso, en todo aquello que expresa, entrega y genera hacia su entorno.<\/p>\n\n\n\n<p class=\"has-medium-font-size\">Sabemos que el \u00e9xito en la vida requiere muchas veces del desarrollo de habilidades y del entrenamiento en el uso adecuado de la voluntad, adem\u00e1s de determinaci\u00f3n a la hora de actuar frente a las oportunidades que se nos presentan, este es nuestro punto de inicio, caminar juntos hacia el logro y la realizaci\u00f3n del Ser en todas las dimensiones en donde se anhele progresar, generando la correcta alineaci\u00f3n con las fuerzas y elementos presentes en la vida.<\/p>\n\n\n\n<p class=\"has-medium-font-size\"><strong>MANATURALEZAS <\/strong>te brinda Asesoramiento Empresarial, Comercial y Personal, y una invitaci\u00f3n a escribir junto a nosotros un legado de experiencias de salud y bienestar en el camino al \u00e9xito.<\/p>\n","protected":false},"excerpt":{"rendered":"<p>Somos un equipo multidisciplinario que trabaja en la construcci\u00f3n de soluciones y estrategias de progreso, tanto a nivel individual como colectivo, teniendo presente el respeto, cuidado del ser humano, guiamos a que cada persona se sincronice del mejor modo con las fuerzas y elementos de la naturaleza. Desde sus inicios la esencia de \u201cMANATURALEZAS\u201d nos ha permitido dar vida a los sue\u00f1os, metas e ideales de personas que al igual que nosotros, anhelan progresar hacia la realizaci\u00f3n de una mejor salud, prosperidad y felicidad. Establecemos delicados procesos de intervenci\u00f3n acordes a las necesidades de las personas o de las empresas que necesitan solucionar, mejorar y fortalecer sus objetivos de un modo concreto. Reconocemos que el sendero de la vida y la manera de expresar nuestro potencial muchas veces requiere de un impulso que nos permita actuar en el momento oportuno. Somos conscientes de la importancia y la necesidad de que&hellip;<\/p>\n<p> <a class=\"more-link\" href=\"http:\/\/www.manaturalezas.com\/content\/?page_id=1143\">Read more<\/a><\/p>\n","protected":false},"author":1,"featured_media":1034,"parent":0,"menu_order":0,"comment_status":"closed","ping_status":"closed","template":"","meta":[],"_links":{"self":[{"href":"http:\/\/www.manaturalezas.com\/content\/index.php?rest_route=\/wp\/v2\/pages\/1143"}],"collection":[{"href":"http:\/\/www.manaturalezas.com\/content\/index.php?rest_route=\/wp\/v2\/pages"}],"about":[{"href":"http:\/\/www.manaturalezas.com\/content\/index.php?rest_route=\/wp\/v2\/types\/page"}],"author":[{"embeddable":true,"href":"http:\/\/www.manaturalezas.com\/content\/index.php?rest_route=\/wp\/v2\/users\/1"}],"replies":[{"embeddable":true,"href":"http:\/\/www.manaturalezas.com\/content\/index.php?rest_route=%2Fwp%2Fv2%2Fcomments&post=1143"}],"version-history":[{"count":2,"href":"http:\/\/www.manaturalezas.com\/content\/index.php?rest_route=\/wp\/v2\/pages\/1143\/revisions"}],"predecessor-version":[{"id":1163,"href":"http:\/\/www.manaturalezas.com\/content\/index.php?rest_route=\/wp\/v2\/pages\/1143\/revisions\/1163"}],"wp:featuredmedia":[{"embeddable":true,"href":"http:\/\/www.manaturalezas.com\/content\/index.php?rest_route=\/wp\/v2\/media\/1034"}],"wp:attachment":[{"href":"http:\/\/www.manaturalezas.com\/content\/index.php?rest_route=%2Fwp%2Fv2%2Fmedia&parent=1143"}],"curies":[{"name":"wp","href":"https:\/\/api.w.org\/{rel}","templated":true}]}}